{"id":2181,"date":"2021-04-26T12:24:59","date_gmt":"2021-04-26T12:24:59","guid":{"rendered":"http:\/\/thsc.pt\/?page_id=2181"},"modified":"2021-05-06T16:55:13","modified_gmt":"2021-05-06T16:55:13","slug":"democracy-has-been-detected","status":"publish","type":"page","link":"http:\/\/thsc.pt\/?page_id=2181","title":{"rendered":"DEMOCRACY HAS BEEN DETECTED"},"content":{"rendered":"\t\t<div data-elementor-type=\"wp-page\" data-elementor-id=\"2181\" class=\"elementor elementor-2181\" data-elementor-settings=\"[]\">\n\t\t\t\t\t\t<div class=\"elementor-inner\">\n\t\t\t\t\t\t\t<div class=\"elementor-section-wrap\">\n\t\t\t\t\t\t\t<section class=\"elementor-section elementor-top-section elementor-element elementor-element-4eb102ed elementor-section-height-min-height elementor-section-boxed elementor-section-height-default elementor-section-items-middle\" data-id=\"4eb102ed\" data-element_type=\"section\" data-settings=\"{&quot;background_background&quot;:&quot;classic&quot;}\">\n\t\t\t\t\t\t\t<div class=\"elementor-background-overlay\"><\/div>\n\t\t\t\t\t\t\t<div class=\"elementor-container elementor-column-gap-default\">\n\t\t\t\t\t\t\t<div class=\"elementor-row\">\n\t\t\t\t\t<div class=\"elementor-column elementor-col-100 elementor-top-column elementor-element elementor-element-2c73c833\" data-id=\"2c73c833\" data-element_type=\"column\">\n\t\t\t<div class=\"elementor-column-wrap elementor-element-populated\">\n\t\t\t\t\t\t\t<div class=\"elementor-widget-wrap\">\n\t\t\t\t\t\t<div class=\"elementor-element elementor-element-29dd3f4b elementor-widget elementor-widget-spacer\" data-id=\"29dd3f4b\" data-element_type=\"widget\" data-widget_type=\"spacer.default\">\n\t\t\t\t<div class=\"elementor-widget-container\">\n\t\t\t\t\t<div class=\"elementor-spacer\">\n\t\t\t<div class=\"elementor-spacer-inner\"><\/div>\n\t\t<\/div>\n\t\t\t\t<\/div>\n\t\t\t\t<\/div>\n\t\t\t\t<div class=\"elementor-element elementor-element-79865d79 elementor-widget elementor-widget-heading\" data-id=\"79865d79\" data-element_type=\"widget\" data-widget_type=\"heading.default\">\n\t\t\t\t<div class=\"elementor-widget-container\">\n\t\t\t<h1 class=\"elementor-heading-title elementor-size-large\">DEMOCRACY HAS BEEN DETECTED<\/h1>\t\t<\/div>\n\t\t\t\t<\/div>\n\t\t\t\t<div class=\"elementor-element elementor-element-476f89db elementor-widget elementor-widget-text-editor\" data-id=\"476f89db\" data-element_type=\"widget\" data-widget_type=\"text-editor.default\">\n\t\t\t\t<div class=\"elementor-widget-container\">\n\t\t\t\t\t<div class=\"elementor-text-editor elementor-clearfix\"><h2><span style=\"color: #ffffff;\"><strong>&#8211; 6 e 7 de maio &#8211;\u00a0<\/strong><\/span><\/h2><p>Quinta-feira, 6 de maio \u2013 19h30<br \/>Sexta-feira, 7 de maio &#8211; 17h00<\/p><\/div>\n\t\t\t\t<\/div>\n\t\t\t\t<\/div>\n\t\t\t\t<section class=\"elementor-section elementor-inner-section elementor-element elementor-element-6fa71a36 elementor-section-content-middle elementor-section-boxed elementor-section-height-default elementor-section-height-default\" data-id=\"6fa71a36\" data-element_type=\"section\">\n\t\t\t\t\t\t<div class=\"elementor-container elementor-column-gap-extended\">\n\t\t\t\t\t\t\t<div class=\"elementor-row\">\n\t\t\t\t\t<div class=\"elementor-column elementor-col-100 elementor-inner-column elementor-element elementor-element-791e8fb1\" data-id=\"791e8fb1\" data-element_type=\"column\">\n\t\t\t<div class=\"elementor-column-wrap elementor-element-populated\">\n\t\t\t\t\t\t\t<div class=\"elementor-widget-wrap\">\n\t\t\t\t\t\t<div class=\"elementor-element elementor-element-268eec0d elementor-widget elementor-widget-text-editor\" data-id=\"268eec0d\" data-element_type=\"widget\" data-widget_type=\"text-editor.default\">\n\t\t\t\t<div class=\"elementor-widget-container\">\n\t\t\t\t\t<div class=\"elementor-text-editor elementor-clearfix\"><h5><span style=\"color: #ffffff;\"><b><span style=\"font-family: var( --e-global-typography-text-font-family );\">M\/12 |\u00a0 BILHETES <\/span><\/b><em><span style=\"font-family: var( --e-global-typography-text-font-family );\">pre\u00e7o normal <\/span><\/em><b><span style=\"font-family: var( --e-global-typography-text-font-family );\">: 5\u20ac<\/span><\/b><\/span><\/h5><h5><span style=\"color: #ffffff;\"><b><span style=\"font-family: var( --e-global-typography-text-font-family );\">BILHETES <em>pre\u00e7o FITEI<\/em> : 3\u20ac\u00a0<\/span><\/b><\/span><\/h5><\/div>\n\t\t\t\t<\/div>\n\t\t\t\t<\/div>\n\t\t\t\t\t\t<\/div>\n\t\t\t\t\t<\/div>\n\t\t<\/div>\n\t\t\t\t\t\t\t\t<\/div>\n\t\t\t\t\t<\/div>\n\t\t<\/section>\n\t\t\t\t\t\t<\/div>\n\t\t\t\t\t<\/div>\n\t\t<\/div>\n\t\t\t\t\t\t\t\t<\/div>\n\t\t\t\t\t<\/div>\n\t\t<\/section>\n\t\t\t\t<section class=\"elementor-section elementor-top-section elementor-element elementor-element-29d527c4 elementor-section-boxed elementor-section-height-default elementor-section-height-default\" data-id=\"29d527c4\" data-element_type=\"section\" data-settings=\"{&quot;background_background&quot;:&quot;classic&quot;}\">\n\t\t\t\t\t\t<div class=\"elementor-container elementor-column-gap-default\">\n\t\t\t\t\t\t\t<div class=\"elementor-row\">\n\t\t\t\t\t<div class=\"elementor-column elementor-col-50 elementor-top-column elementor-element elementor-element-3616f425\" data-id=\"3616f425\" data-element_type=\"column\">\n\t\t\t<div class=\"elementor-column-wrap elementor-element-populated\">\n\t\t\t\t\t\t\t<div class=\"elementor-widget-wrap\">\n\t\t\t\t\t\t<div class=\"elementor-element elementor-element-7c897ac8 elementor-widget elementor-widget-spacer\" data-id=\"7c897ac8\" data-element_type=\"widget\" data-widget_type=\"spacer.default\">\n\t\t\t\t<div class=\"elementor-widget-container\">\n\t\t\t\t\t<div class=\"elementor-spacer\">\n\t\t\t<div class=\"elementor-spacer-inner\"><\/div>\n\t\t<\/div>\n\t\t\t\t<\/div>\n\t\t\t\t<\/div>\n\t\t\t\t<div class=\"elementor-element elementor-element-5cb95350 elementor-widget elementor-widget-text-editor\" data-id=\"5cb95350\" data-element_type=\"widget\" data-widget_type=\"text-editor.default\">\n\t\t\t\t<div class=\"elementor-widget-container\">\n\t\t\t\t\t<div class=\"elementor-text-editor elementor-clearfix\"><p class=\"p1\">Bem-vindos a Vila Cheia, capital deste pa\u00eds ficcionado. Podem entrar, aqui n\u00e3o existem leis ou muros que o impe\u00e7am. O sistema de sa\u00fade \u00e9 eficaz, e melhorar\u00e1 com a constru\u00e7\u00e3o do novo hospital. As visitas aos monumentos de ferro e bet\u00e3o s\u00e3o das principais atra\u00e7\u00f5es. As nossas ruas est\u00e3o salvaguardadas pelos robots da FIA (For\u00e7a de Intelig\u00eancia Artificial), que garantem a vossa seguran\u00e7a. As \u00fanicas desvantagens ser\u00e3o o decl\u00ednio do nosso sistema pol\u00edtico cada vez mais corrupto e a comida &#8211; que poder\u00e1 ter sabor a ra\u00e7\u00e3o de c\u00e3o.<\/p><p class=\"p1\"><br \/>\u00c9 em Vila Cheia que esta gera\u00e7\u00e3o p\u00f3s-25-de-Abril, p\u00f3s-queda-do-muro-de-Berlim, que nasceu com a democracia como pano de fundo e tomou-a por garantida, discute um poss\u00edvel caminho para o futuro. Somos, cada vez mais, bombardeados com novas informa\u00e7\u00f5es e tecnologias a uma velocidade alucinante, e isso tem um enorme impacto na forma como vemos o mundo. Por isso, este pa\u00eds \u2013 em que a diferen\u00e7a em rela\u00e7\u00e3o a outro qualquer pode estar s\u00f3 no avan\u00e7o tecnol\u00f3gico da intelig\u00eancia artificial (A.I.) \u2013 torna-se o palco perfeito para esta discuss\u00e3o.<\/p><p class=\"p1\"><br \/>Mas, por agora, relaxem, n\u00e3o se esque\u00e7am de tirar uma selfie na Pra\u00e7a da Tranquilidade e, com sorte, poder\u00e3o ser um dos escolhidos a integrar a audi\u00eancia do famoso \u201cLu\u00eds-Lu\u00eds Talk-Show\u201d.<\/p><\/div>\n\t\t\t\t<\/div>\n\t\t\t\t<\/div>\n\t\t\t\t\t\t<\/div>\n\t\t\t\t\t<\/div>\n\t\t<\/div>\n\t\t\t\t<div class=\"elementor-column elementor-col-50 elementor-top-column elementor-element elementor-element-677b2a0e\" data-id=\"677b2a0e\" data-element_type=\"column\" data-settings=\"{&quot;background_background&quot;:&quot;classic&quot;}\">\n\t\t\t<div class=\"elementor-column-wrap elementor-element-populated\">\n\t\t\t\t\t<div class=\"elementor-background-overlay\"><\/div>\n\t\t\t\t\t\t\t<div class=\"elementor-widget-wrap\">\n\t\t\t\t\t\t<div class=\"elementor-element elementor-element-5fba16d5 elementor-widget elementor-widget-spacer\" data-id=\"5fba16d5\" data-element_type=\"widget\" data-widget_type=\"spacer.default\">\n\t\t\t\t<div class=\"elementor-widget-container\">\n\t\t\t\t\t<div class=\"elementor-spacer\">\n\t\t\t<div class=\"elementor-spacer-inner\"><\/div>\n\t\t<\/div>\n\t\t\t\t<\/div>\n\t\t\t\t<\/div>\n\t\t\t\t<div class=\"elementor-element elementor-element-50701a5c elementor-widget elementor-widget-image\" data-id=\"50701a5c\" data-element_type=\"widget\" data-widget_type=\"image.default\">\n\t\t\t\t<div class=\"elementor-widget-container\">\n\t\t\t\t\t<div class=\"elementor-image\">\n\t\t\t\t\t\t\t\t\t\t<img decoding=\"async\" src=\"http:\/\/thsc.pt\/wp-content\/uploads\/elementor\/thumbs\/cartaz_site-p6acptkqybvy98x80gsvrb8dt8ua7yobcad8co013o.jpg\" title=\"cartaz_site\" alt=\"cartaz_site\" \/>\t\t\t\t\t\t\t\t\t\t\t<\/div>\n\t\t\t\t<\/div>\n\t\t\t\t<\/div>\n\t\t\t\t\t\t<\/div>\n\t\t\t\t\t<\/div>\n\t\t<\/div>\n\t\t\t\t\t\t\t\t<\/div>\n\t\t\t\t\t<\/div>\n\t\t<\/section>\n\t\t\t\t<section class=\"elementor-section elementor-top-section elementor-element elementor-element-33833d8f elementor-section-boxed elementor-section-height-default elementor-section-height-default\" data-id=\"33833d8f\" data-element_type=\"section\" data-settings=\"{&quot;background_background&quot;:&quot;classic&quot;}\">\n\t\t\t\t\t\t<div class=\"elementor-container elementor-column-gap-default\">\n\t\t\t\t\t\t\t<div class=\"elementor-row\">\n\t\t\t\t\t\t\t\t\t<\/div>\n\t\t\t\t\t<\/div>\n\t\t<\/section>\n\t\t\t\t<section class=\"elementor-section elementor-top-section elementor-element elementor-element-228c582 elementor-section-full_width elementor-section-height-min-height elementor-section-height-default elementor-section-items-middle\" data-id=\"228c582\" data-element_type=\"section\" data-settings=\"{&quot;background_background&quot;:&quot;classic&quot;}\">\n\t\t\t\t\t\t<div class=\"elementor-container elementor-column-gap-no\">\n\t\t\t\t\t\t\t<div class=\"elementor-row\">\n\t\t\t\t\t<div class=\"elementor-column elementor-col-50 elementor-top-column elementor-element elementor-element-301b08d\" data-id=\"301b08d\" data-element_type=\"column\">\n\t\t\t<div class=\"elementor-column-wrap elementor-element-populated\">\n\t\t\t\t\t\t\t<div class=\"elementor-widget-wrap\">\n\t\t\t\t\t\t<div class=\"elementor-element elementor-element-7e42eed elementor-widget elementor-widget-text-editor\" data-id=\"7e42eed\" data-element_type=\"widget\" data-widget_type=\"text-editor.default\">\n\t\t\t\t<div class=\"elementor-widget-container\">\n\t\t\t\t\t<div class=\"elementor-text-editor elementor-clearfix\"><blockquote><p class=\"p1\"><span style=\"color: #000000;\"><strong>Equipa Criativa e Art\u00edstica<\/strong><\/span><\/p><\/blockquote><p class=\"p1\"><span style=\"color: #000000;\"><strong>Cria\u00e7\u00e3o<\/strong><\/span><br \/><span style=\"color: #000000;\">Diogo Freitas<\/span><br \/><span style=\"color: #000000;\">Filipe Gouveia<\/span><\/p><p class=\"p1\"><span style=\"color: #000000;\"><strong>Dramaturgia<\/strong><\/span><br \/><span style=\"color: #000000;\">Filipe Gouveia<\/span><\/p><p class=\"p1\"><span style=\"color: #000000;\"><strong>Int\u00e9rpretes<\/strong><\/span><br \/><span style=\"color: #000000;\">Ana L\u00eddia Pereira<\/span><br \/><span style=\"color: #000000;\">Daniel Silva<\/span><br \/><span style=\"color: #000000;\">Diogo Freitas<\/span><br \/><span style=\"color: #000000;\">Gabriela Le\u00e3o<\/span><br \/><span style=\"color: #000000;\">Joana Martins<\/span><\/p><p class=\"p1\"><span style=\"color: #000000;\"><strong>Interpreta\u00e7\u00e3o e composi\u00e7\u00e3o musical<\/strong><br \/>Paulo Pires<\/span><\/p><p class=\"p1\"><span style=\"color: #000000;\"><strong>Desenho de luz<\/strong><\/span><br \/><span style=\"color: #000000;\">Pedro Abreu<\/span><\/p><p class=\"p1\"><span style=\"color: #000000;\"><strong>Desenho de som<\/strong><\/span><br \/><span style=\"color: #000000;\">Rafael Maia<\/span><br \/><span style=\"color: #000000;\">Bernardo Bourbon<\/span><\/p><p class=\"p1\"><span style=\"color: #000000;\"><strong>Cenografia<\/strong><\/span><br \/><span style=\"color: #000000;\">Maria Manada<\/span><\/p><p class=\"p1\">\u00a0<\/p><p class=\"p1\">\u00a0<\/p><\/div>\n\t\t\t\t<\/div>\n\t\t\t\t<\/div>\n\t\t\t\t\t\t<\/div>\n\t\t\t\t\t<\/div>\n\t\t<\/div>\n\t\t\t\t<div class=\"elementor-column elementor-col-50 elementor-top-column elementor-element elementor-element-bcece7e\" data-id=\"bcece7e\" data-element_type=\"column\">\n\t\t\t<div class=\"elementor-column-wrap elementor-element-populated\">\n\t\t\t\t\t\t\t<div class=\"elementor-widget-wrap\">\n\t\t\t\t\t\t<div class=\"elementor-element elementor-element-d82ff43 elementor-widget elementor-widget-text-editor\" data-id=\"d82ff43\" data-element_type=\"widget\" data-widget_type=\"text-editor.default\">\n\t\t\t\t<div class=\"elementor-widget-container\">\n\t\t\t\t\t<div class=\"elementor-text-editor elementor-clearfix\"><p class=\"p1\"><span style=\"color: #000000;\"><strong>Figurinos<\/strong><\/span><br \/><span style=\"color: #000000;\">Matilde Ramos<\/span><\/p><p class=\"p1\"><span style=\"color: #000000;\"><strong>Produ\u00e7\u00e3o executiva<\/strong><\/span><br \/><span style=\"color: #000000;\">In\u00eas Sim\u00f5es Pereira<\/span><\/p><p class=\"p1\"><span style=\"color: #000000;\"><strong>Acompanhamento fotogr\u00e1fico<\/strong><\/span><br \/><span style=\"color: #000000;\">Sim\u00e3o Do Vale Africano<\/span><\/p><p class=\"p1\"><span style=\"color: #000000;\"><strong>Coprodu\u00e7\u00e3o<\/strong><br \/><\/span><span style=\"color: #000000;\">Casa das Artes Famalic\u00e3o<\/span><br \/><span style=\"color: #000000;\">FITEI<\/span><br \/><span style=\"color: #000000;\">S\u00e3o Luiz Teatro Municipal<\/span><\/p><p class=\"p1\"><strong><span style=\"color: #000000;\">Resid\u00eancias art\u00edsticas<\/span><\/strong><br \/><span style=\"color: #000000;\">23 Milhas\/ \u00cdlhavo<\/span><br \/><span style=\"color: #000000;\">Centro Cultural Vila Flor\/Centro de Cria\u00e7\u00e3o de Candoso<\/span><br \/><span style=\"color: #000000;\">Junta de Freguesia de Joane<\/span><br \/><span style=\"color: #000000;\">Armaz\u00e9m 22<\/span><\/p><p class=\"p1\"><span style=\"color: #000000;\"><strong>Produ\u00e7\u00e3o<\/strong><br \/><\/span><span style=\"color: #000000;\">Momento \u2013 Artistas Independentes<\/span><\/p><p class=\"p1\"><span style=\"color: #000000;\"><strong>Apoio<\/strong><\/span><br \/><span style=\"color: #000000;\">Projeto apoiado pelo programa de apoio \u00e0 cria\u00e7\u00e3o da Rep\u00fablica Portuguesa \/ Dire\u00e7\u00e3o-Geral das Artes, Teatro Nacional S\u00e3o Jo\u00e3o, C\u00e2mara Municipal de Lisboa e Polo Cultural das Gaivotas Boavista<\/span><\/p><\/div>\n\t\t\t\t<\/div>\n\t\t\t\t<\/div>\n\t\t\t\t\t\t<\/div>\n\t\t\t\t\t<\/div>\n\t\t<\/div>\n\t\t\t\t\t\t\t\t<\/div>\n\t\t\t\t\t<\/div>\n\t\t<\/section>\n\t\t\t\t\t\t<\/div>\n\t\t\t\t\t\t<\/div>\n\t\t\t\t\t<\/div>\n\t\t","protected":false},"excerpt":{"rendered":"<p>DEMOCRACY HAS BEEN DETECTED &#8211; 6 e 7 de maio &#8211;\u00a0 Quinta-feira, 6 de maio \u2013 19h30Sexta-feira, 7 de maio [&hellip;]<\/p>\n","protected":false},"author":1,"featured_media":0,"parent":0,"menu_order":0,"comment_status":"closed","ping_status":"closed","template":"","meta":[],"_links":{"self":[{"href":"http:\/\/thsc.pt\/index.php?rest_route=\/wp\/v2\/pages\/2181"}],"collection":[{"href":"http:\/\/thsc.pt\/index.php?rest_route=\/wp\/v2\/pages"}],"about":[{"href":"http:\/\/thsc.pt\/index.php?rest_route=\/wp\/v2\/types\/page"}],"author":[{"embeddable":true,"href":"http:\/\/thsc.pt\/index.php?rest_route=\/wp\/v2\/users\/1"}],"replies":[{"embeddable":true,"href":"http:\/\/thsc.pt\/index.php?rest_route=%2Fwp%2Fv2%2Fcomments&post=2181"}],"version-history":[{"count":9,"href":"http:\/\/thsc.pt\/index.php?rest_route=\/wp\/v2\/pages\/2181\/revisions"}],"predecessor-version":[{"id":2358,"href":"http:\/\/thsc.pt\/index.php?rest_route=\/wp\/v2\/pages\/2181\/revisions\/2358"}],"wp:attachment":[{"href":"http:\/\/thsc.pt\/index.php?rest_route=%2Fwp%2Fv2%2Fmedia&parent=2181"}],"curies":[{"name":"wp","href":"https:\/\/api.w.org\/{rel}","templated":true}]}}