{"id":1735,"date":"2020-10-07T09:49:25","date_gmt":"2020-10-07T09:49:25","guid":{"rendered":"http:\/\/thsc.pt\/?page_id=1735"},"modified":"2021-05-06T21:20:10","modified_gmt":"2021-05-06T21:20:10","slug":"contos-e-cantos-para-a-infancia","status":"publish","type":"page","link":"http:\/\/thsc.pt\/?page_id=1735","title":{"rendered":"MAPA &#8211; CONTOS E CANTOS, PARA A INF\u00c2NCIA"},"content":{"rendered":"\t\t<div data-elementor-type=\"wp-page\" data-elementor-id=\"1735\" class=\"elementor elementor-1735\" data-elementor-settings=\"[]\">\n\t\t\t\t\t\t<div class=\"elementor-inner\">\n\t\t\t\t\t\t\t<div class=\"elementor-section-wrap\">\n\t\t\t\t\t\t\t<section class=\"elementor-section elementor-top-section elementor-element elementor-element-12cddf58 elementor-section-height-min-height elementor-section-boxed elementor-section-height-default elementor-section-items-middle\" data-id=\"12cddf58\" data-element_type=\"section\" data-settings=\"{&quot;background_background&quot;:&quot;classic&quot;}\">\n\t\t\t\t\t\t\t<div class=\"elementor-background-overlay\"><\/div>\n\t\t\t\t\t\t\t<div class=\"elementor-container elementor-column-gap-default\">\n\t\t\t\t\t\t\t<div class=\"elementor-row\">\n\t\t\t\t\t<div class=\"elementor-column elementor-col-100 elementor-top-column elementor-element elementor-element-115416df\" data-id=\"115416df\" data-element_type=\"column\">\n\t\t\t<div class=\"elementor-column-wrap elementor-element-populated\">\n\t\t\t\t\t\t\t<div class=\"elementor-widget-wrap\">\n\t\t\t\t\t\t<div class=\"elementor-element elementor-element-63c828ad elementor-widget elementor-widget-spacer\" data-id=\"63c828ad\" data-element_type=\"widget\" data-widget_type=\"spacer.default\">\n\t\t\t\t<div class=\"elementor-widget-container\">\n\t\t\t\t\t<div class=\"elementor-spacer\">\n\t\t\t<div class=\"elementor-spacer-inner\"><\/div>\n\t\t<\/div>\n\t\t\t\t<\/div>\n\t\t\t\t<\/div>\n\t\t\t\t<div class=\"elementor-element elementor-element-718204a6 elementor-widget elementor-widget-heading\" data-id=\"718204a6\" data-element_type=\"widget\" data-widget_type=\"heading.default\">\n\t\t\t\t<div class=\"elementor-widget-container\">\n\t\t\t<h1 class=\"elementor-heading-title elementor-size-large\"><strong><b>MAPA<\/strong><br><br>CONTOS E CANTOS, PARA A INF\u00c2NCIA<\/h1>\t\t<\/div>\n\t\t\t\t<\/div>\n\t\t\t\t<div class=\"elementor-element elementor-element-7fffc37c elementor-widget elementor-widget-text-editor\" data-id=\"7fffc37c\" data-element_type=\"widget\" data-widget_type=\"text-editor.default\">\n\t\t\t\t<div class=\"elementor-widget-container\">\n\t\t\t\t\t<div class=\"elementor-text-editor elementor-clearfix\"><h2 style=\"text-align: center;\"><span style=\"color: #ffffff;\"><strong>&#8211; de 31 de outubro a 1 de novembro &#8211;\u00a0<\/strong><\/span><\/h2><p style=\"text-align: center;\">S\u00e1bado, 31 de outubro &#8211; 11h00<br \/>Domingo, 1 de novembro &#8211; 11h00<\/p><\/div>\n\t\t\t\t<\/div>\n\t\t\t\t<\/div>\n\t\t\t\t<section class=\"elementor-section elementor-inner-section elementor-element elementor-element-721990a5 elementor-section-content-middle elementor-section-boxed elementor-section-height-default elementor-section-height-default\" data-id=\"721990a5\" data-element_type=\"section\">\n\t\t\t\t\t\t<div class=\"elementor-container elementor-column-gap-extended\">\n\t\t\t\t\t\t\t<div class=\"elementor-row\">\n\t\t\t\t\t<div class=\"elementor-column elementor-col-100 elementor-inner-column elementor-element elementor-element-6252f66b\" data-id=\"6252f66b\" data-element_type=\"column\">\n\t\t\t<div class=\"elementor-column-wrap elementor-element-populated\">\n\t\t\t\t\t\t\t<div class=\"elementor-widget-wrap\">\n\t\t\t\t\t\t<div class=\"elementor-element elementor-element-5f7d242f elementor-widget elementor-widget-text-editor\" data-id=\"5f7d242f\" data-element_type=\"widget\" data-widget_type=\"text-editor.default\">\n\t\t\t\t<div class=\"elementor-widget-container\">\n\t\t\t\t\t<div class=\"elementor-text-editor elementor-clearfix\"><h5><b><span style=\"font-family: var( --e-global-typography-text-font-family );\">M\/6<\/span><\/b><\/h5><\/div>\n\t\t\t\t<\/div>\n\t\t\t\t<\/div>\n\t\t\t\t\t\t<\/div>\n\t\t\t\t\t<\/div>\n\t\t<\/div>\n\t\t\t\t\t\t\t\t<\/div>\n\t\t\t\t\t<\/div>\n\t\t<\/section>\n\t\t\t\t\t\t<\/div>\n\t\t\t\t\t<\/div>\n\t\t<\/div>\n\t\t\t\t\t\t\t\t<\/div>\n\t\t\t\t\t<\/div>\n\t\t<\/section>\n\t\t\t\t<section class=\"elementor-section elementor-top-section elementor-element elementor-element-74b2d932 elementor-section-boxed elementor-section-height-default elementor-section-height-default\" data-id=\"74b2d932\" data-element_type=\"section\" data-settings=\"{&quot;background_background&quot;:&quot;classic&quot;}\">\n\t\t\t\t\t\t<div class=\"elementor-container elementor-column-gap-default\">\n\t\t\t\t\t\t\t<div class=\"elementor-row\">\n\t\t\t\t\t<div class=\"elementor-column elementor-col-50 elementor-top-column elementor-element elementor-element-77230851\" data-id=\"77230851\" data-element_type=\"column\">\n\t\t\t<div class=\"elementor-column-wrap elementor-element-populated\">\n\t\t\t\t\t\t\t<div class=\"elementor-widget-wrap\">\n\t\t\t\t\t\t<div class=\"elementor-element elementor-element-499263fb elementor-widget elementor-widget-spacer\" data-id=\"499263fb\" data-element_type=\"widget\" data-widget_type=\"spacer.default\">\n\t\t\t\t<div class=\"elementor-widget-container\">\n\t\t\t\t\t<div class=\"elementor-spacer\">\n\t\t\t<div class=\"elementor-spacer-inner\"><\/div>\n\t\t<\/div>\n\t\t\t\t<\/div>\n\t\t\t\t<\/div>\n\t\t\t\t<div class=\"elementor-element elementor-element-794f2d12 elementor-widget elementor-widget-text-editor\" data-id=\"794f2d12\" data-element_type=\"widget\" data-widget_type=\"text-editor.default\">\n\t\t\t\t<div class=\"elementor-widget-container\">\n\t\t\t\t\t<div class=\"elementor-text-editor elementor-clearfix\"><p>Na sua g\u00e9nese est\u00e1 a pesquisa de hist\u00f3rias de resist\u00eancia e evas\u00e3o em pa\u00edses e territ\u00f3rios em guerra, de povos ocupados ou exilados, com especial enfoque nos universos feminino e infantil.<\/p><p>Criado a partir de textos originais, poesia oral de mulheres afeg\u00e3s, um poema de Eduardo Galeano, m\u00fasicas e sonoridades de v\u00e1rias culturas de \u00c1frica e do M\u00e9dio Oriente, desenhos de crian\u00e7as de Darfur e outros materiais pl\u00e1sticos, procura fazer uma reflex\u00e3o sobre os conceitos de territ\u00f3rio e fronteira, de perten\u00e7a e de liberdade.<\/p><p>MAPA \u00e9 um espect\u00e1culo multidisciplinar. Cruza v\u00e1rias linguagens e express\u00f5es como a m\u00fasica, a poesia, o teatro, as artes pl\u00e1sticas e o video para criar um objecto performativo po\u00e9tico e imersivo que conta est\u00f3rias e fragmentos de est\u00f3rias de v\u00e1rias geografias.<\/p><p>MAPA estreou em Mar\u00e7o de 2018 no Teatro S. Luiz e desde ent\u00e3o j\u00e1 realizou mais de 50 apresenta\u00e7\u00f5es em Aveiro, Bragan\u00e7a, Guimar\u00e3es, Lapa do Lobo,\u00a0Leiria,\u00a0Loul\u00e9, Montemor-o-Novo e Torres Novas e j\u00e1 tem apresenta\u00e7\u00f5es marcadas em v\u00e1rias outras cidades portuguesas.<\/p><p>\u00a0<\/p><\/div>\n\t\t\t\t<\/div>\n\t\t\t\t<\/div>\n\t\t\t\t\t\t<\/div>\n\t\t\t\t\t<\/div>\n\t\t<\/div>\n\t\t\t\t<div class=\"elementor-column elementor-col-50 elementor-top-column elementor-element elementor-element-9311f9f\" data-id=\"9311f9f\" data-element_type=\"column\" data-settings=\"{&quot;background_background&quot;:&quot;classic&quot;}\">\n\t\t\t<div class=\"elementor-column-wrap elementor-element-populated\">\n\t\t\t\t\t<div class=\"elementor-background-overlay\"><\/div>\n\t\t\t\t\t\t\t<div class=\"elementor-widget-wrap\">\n\t\t\t\t\t\t<div class=\"elementor-element elementor-element-6922ee4e elementor-widget elementor-widget-spacer\" data-id=\"6922ee4e\" data-element_type=\"widget\" data-widget_type=\"spacer.default\">\n\t\t\t\t<div class=\"elementor-widget-container\">\n\t\t\t\t\t<div class=\"elementor-spacer\">\n\t\t\t<div class=\"elementor-spacer-inner\"><\/div>\n\t\t<\/div>\n\t\t\t\t<\/div>\n\t\t\t\t<\/div>\n\t\t\t\t<div class=\"elementor-element elementor-element-7076bc9f elementor-widget elementor-widget-image\" data-id=\"7076bc9f\" data-element_type=\"widget\" data-widget_type=\"image.default\">\n\t\t\t\t<div class=\"elementor-widget-container\">\n\t\t\t\t\t<div class=\"elementor-image\">\n\t\t\t\t\t\t\t\t\t\t<img width=\"300\" height=\"400\" src=\"http:\/\/thsc.pt\/wp-content\/uploads\/2020\/10\/MAPAevento-300x400.jpg\" class=\"attachment-tileview size-tileview\" alt=\"\" decoding=\"async\" loading=\"lazy\" \/>\t\t\t\t\t\t\t\t\t\t\t<\/div>\n\t\t\t\t<\/div>\n\t\t\t\t<\/div>\n\t\t\t\t\t\t<\/div>\n\t\t\t\t\t<\/div>\n\t\t<\/div>\n\t\t\t\t\t\t\t\t<\/div>\n\t\t\t\t\t<\/div>\n\t\t<\/section>\n\t\t\t\t<section class=\"elementor-section elementor-top-section elementor-element elementor-element-4634f32 elementor-section-boxed elementor-section-height-default elementor-section-height-default\" data-id=\"4634f32\" data-element_type=\"section\" data-settings=\"{&quot;background_background&quot;:&quot;classic&quot;}\">\n\t\t\t\t\t\t<div class=\"elementor-container elementor-column-gap-default\">\n\t\t\t\t\t\t\t<div class=\"elementor-row\">\n\t\t\t\t\t\t\t\t\t<\/div>\n\t\t\t\t\t<\/div>\n\t\t<\/section>\n\t\t\t\t<section class=\"elementor-section elementor-top-section elementor-element elementor-element-2b0d96e5 elementor-section-full_width elementor-section-height-min-height elementor-section-height-default elementor-section-items-middle\" data-id=\"2b0d96e5\" data-element_type=\"section\" data-settings=\"{&quot;background_background&quot;:&quot;classic&quot;}\">\n\t\t\t\t\t\t<div class=\"elementor-container elementor-column-gap-no\">\n\t\t\t\t\t\t\t<div class=\"elementor-row\">\n\t\t\t\t\t<div class=\"elementor-column elementor-col-50 elementor-top-column elementor-element elementor-element-2fab8eb7\" data-id=\"2fab8eb7\" data-element_type=\"column\">\n\t\t\t<div class=\"elementor-column-wrap elementor-element-populated\">\n\t\t\t\t\t\t\t<div class=\"elementor-widget-wrap\">\n\t\t\t\t\t\t<div class=\"elementor-element elementor-element-41f13fff elementor-widget elementor-widget-text-editor\" data-id=\"41f13fff\" data-element_type=\"widget\" data-widget_type=\"text-editor.default\">\n\t\t\t\t<div class=\"elementor-widget-container\">\n\t\t\t\t\t<div class=\"elementor-text-editor elementor-clearfix\"><blockquote><p class=\"p1\"><span style=\"color: #000000;\"><strong>O MEU PRIMEIRO FITEI<\/strong><\/span><\/p><\/blockquote><p><span style=\"color: #000000;\"><strong>Cria\u00e7\u00e3o e Interpreta\u00e7\u00e3o<\/strong><\/span><br \/><span style=\"color: #000000;\">Fernando Mota<\/span><\/p><p><span style=\"color: #000000;\"><strong>Dramaturgia e Tradu\u00e7\u00f5es<\/strong><\/span><br \/><span style=\"color: #000000;\">Francisco Lu\u00eds Parreira<\/span><\/p><p><span style=\"color: #000000;\"><strong>Textos adicionais<\/strong><\/span><br \/><span style=\"color: #000000;\">poesia popular afeg\u00e3<\/span><br \/><span style=\"color: #000000;\">Eduardo Galeano<\/span><\/p><p><span style=\"color: #000000;\"><strong>Dire\u00e7\u00e3o c\u00e9nica<\/strong><\/span><br \/><span style=\"color: #000000;\">Caroline Bergeron<\/span><\/p><p><span style=\"color: #000000;\"><strong>M\u00fasica<\/strong><\/span><br \/><span style=\"color: #000000;\">Fernando Mota<\/span><\/p><p><span style=\"color: #000000;\"><strong>M\u00fasica adicional<\/strong><\/span><br \/><span style=\"color: #000000;\">Braima Galissa<\/span><br \/><span style=\"color: #000000;\">George Gurdjieff<\/span><br \/><span style=\"color: #000000;\">Woody Guthrie<\/span><\/p><p><span style=\"color: #000000;\"><strong>Cenografia<\/strong><\/span><br \/><span style=\"color: #000000;\">Fernando Ribeiro<\/span><\/p><p><span style=\"color: #000000;\"><strong>Desenho de luz<\/strong><\/span><br \/><span style=\"color: #000000;\">Jos\u00e9 \u00c1lvaro Correia<\/span><\/p><p><span style=\"color: #000000;\"><strong>V\u00eddeo<\/strong><\/span><br \/><span style=\"color: #000000;\">Miguel Quental<\/span><\/p><\/div>\n\t\t\t\t<\/div>\n\t\t\t\t<\/div>\n\t\t\t\t\t\t<\/div>\n\t\t\t\t\t<\/div>\n\t\t<\/div>\n\t\t\t\t<div class=\"elementor-column elementor-col-50 elementor-top-column elementor-element elementor-element-65c14f82\" data-id=\"65c14f82\" data-element_type=\"column\">\n\t\t\t<div class=\"elementor-column-wrap elementor-element-populated\">\n\t\t\t\t\t\t\t<div class=\"elementor-widget-wrap\">\n\t\t\t\t\t\t<div class=\"elementor-element elementor-element-6f41c7df elementor-widget elementor-widget-text-editor\" data-id=\"6f41c7df\" data-element_type=\"widget\" data-widget_type=\"text-editor.default\">\n\t\t\t\t<div class=\"elementor-widget-container\">\n\t\t\t\t\t<div class=\"elementor-text-editor elementor-clearfix\"><p>\u00a0<\/p><p><span style=\"color: #000000;\"><strong>Opera\u00e7\u00e3o t\u00e9cnica<\/strong><\/span><br \/><span style=\"color: #000000;\">Catarina C\u00f4dea<\/span><\/p><p><span style=\"color: #000000;\"><strong>Produ\u00e7\u00e3o executiva<\/strong><\/span><br \/><span style=\"color: #000000;\">Violeta Mandillo<\/span><\/p><p><span style=\"color: #000000;\"><strong>Atrizes nos v\u00eddeos<\/strong><\/span><br \/><span style=\"color: #000000;\">Ana Sofia Paiva<\/span><br \/><span style=\"color: #000000;\">Cl\u00e1udia Andrade<\/span><br \/><span style=\"color: #000000;\">Luc\u00edlia Raimundo<\/span><\/p><p><span style=\"color: #000000;\"><strong>Vozes gravadas<\/strong><\/span><br \/><span style=\"color: #000000;\">Ana Sofia Paiva<\/span><br \/><span style=\"color: #000000;\">Cl\u00e1udia Andrade<\/span><br \/><span style=\"color: #000000;\">Gaspar Vasques<\/span><br \/><span style=\"color: #000000;\">Luc\u00edlia Raimundo<\/span><br \/><span style=\"color: #000000;\">Serena Sabat<\/span><br \/><span style=\"color: #000000;\">Tiago Mota<\/span><\/p><p><span style=\"color: #000000;\"><strong>Co-produ\u00e7\u00e3o<\/strong><\/span><br \/><span style=\"color: #000000;\">A Caravana<\/span><br \/><span style=\"color: #000000;\">Cine-Teatro Louletano<\/span><br \/><span style=\"color: #000000;\">Teatro Aveirense<\/span><br \/><span style=\"color: #000000;\">S\u00e3o Luiz Teatro Municipal<\/span><\/p><p><span style=\"color: #000000;\"><strong>Apoio<\/strong><\/span><br \/><span style=\"color: #000000;\">Rep\u00fablica Portuguesa &#8211; Cultura \/ Dire\u00e7\u00e3o-Geral das Artes<\/span><\/p><\/div>\n\t\t\t\t<\/div>\n\t\t\t\t<\/div>\n\t\t\t\t\t\t<\/div>\n\t\t\t\t\t<\/div>\n\t\t<\/div>\n\t\t\t\t\t\t\t\t<\/div>\n\t\t\t\t\t<\/div>\n\t\t<\/section>\n\t\t\t\t\t\t<\/div>\n\t\t\t\t\t\t<\/div>\n\t\t\t\t\t<\/div>\n\t\t","protected":false},"excerpt":{"rendered":"<p>MAPA CONTOS E CANTOS, PARA A INF\u00c2NCIA &#8211; de 31 de outubro a 1 de novembro &#8211;\u00a0 S\u00e1bado, 31 de [&hellip;]<\/p>\n","protected":false},"author":1,"featured_media":0,"parent":0,"menu_order":0,"comment_status":"closed","ping_status":"closed","template":"","meta":[],"_links":{"self":[{"href":"http:\/\/thsc.pt\/index.php?rest_route=\/wp\/v2\/pages\/1735"}],"collection":[{"href":"http:\/\/thsc.pt\/index.php?rest_route=\/wp\/v2\/pages"}],"about":[{"href":"http:\/\/thsc.pt\/index.php?rest_route=\/wp\/v2\/types\/page"}],"author":[{"embeddable":true,"href":"http:\/\/thsc.pt\/index.php?rest_route=\/wp\/v2\/users\/1"}],"replies":[{"embeddable":true,"href":"http:\/\/thsc.pt\/index.php?rest_route=%2Fwp%2Fv2%2Fcomments&post=1735"}],"version-history":[{"count":12,"href":"http:\/\/thsc.pt\/index.php?rest_route=\/wp\/v2\/pages\/1735\/revisions"}],"predecessor-version":[{"id":2364,"href":"http:\/\/thsc.pt\/index.php?rest_route=\/wp\/v2\/pages\/1735\/revisions\/2364"}],"wp:attachment":[{"href":"http:\/\/thsc.pt\/index.php?rest_route=%2Fwp%2Fv2%2Fmedia&parent=1735"}],"curies":[{"name":"wp","href":"https:\/\/api.w.org\/{rel}","templated":true}]}}