{"id":171,"date":"2020-07-24T18:41:23","date_gmt":"2020-07-24T18:41:23","guid":{"rendered":"http:\/\/thsc.pt\/?page_id=171"},"modified":"2026-03-05T12:15:30","modified_gmt":"2026-03-05T11:15:30","slug":"equipa","status":"publish","type":"page","link":"http:\/\/thsc.pt\/?page_id=171","title":{"rendered":"Equipa"},"content":{"rendered":"\t\t<div data-elementor-type=\"wp-page\" data-elementor-id=\"171\" class=\"elementor elementor-171\" data-elementor-settings=\"[]\">\n\t\t\t\t\t\t<div class=\"elementor-inner\">\n\t\t\t\t\t\t\t<div class=\"elementor-section-wrap\">\n\t\t\t\t\t\t\t<section class=\"elementor-section elementor-top-section elementor-element elementor-element-bd57f06 elementor-section-stretched elementor-section-full_width elementor-section-height-min-height elementor-section-items-stretch elementor-section-content-middle elementor-section-height-default\" data-id=\"bd57f06\" data-element_type=\"section\" data-settings=\"{&quot;stretch_section&quot;:&quot;section-stretched&quot;,&quot;background_background&quot;:&quot;classic&quot;}\">\n\t\t\t\t\t\t<div class=\"elementor-container elementor-column-gap-no\">\n\t\t\t\t\t\t\t<div class=\"elementor-row\">\n\t\t\t\t\t<div class=\"elementor-column elementor-col-25 elementor-top-column elementor-element elementor-element-80e7656\" data-id=\"80e7656\" data-element_type=\"column\">\n\t\t\t<div class=\"elementor-column-wrap elementor-element-populated\">\n\t\t\t\t\t\t\t<div class=\"elementor-widget-wrap\">\n\t\t\t\t\t\t<div class=\"elementor-element elementor-element-202ac58 elementor-widget elementor-widget-image\" data-id=\"202ac58\" data-element_type=\"widget\" data-widget_type=\"image.default\">\n\t\t\t\t<div class=\"elementor-widget-container\">\n\t\t\t\t\t<div class=\"elementor-image\">\n\t\t\t\t\t\t\t\t\t\t<img width=\"562\" height=\"728\" src=\"http:\/\/thsc.pt\/wp-content\/uploads\/2021\/04\/equipa_v3_2-2.jpg\" class=\"attachment-full size-full\" alt=\"\" decoding=\"async\" loading=\"lazy\" srcset=\"http:\/\/thsc.pt\/wp-content\/uploads\/2021\/04\/equipa_v3_2-2.jpg 562w, http:\/\/thsc.pt\/wp-content\/uploads\/2021\/04\/equipa_v3_2-2-232x300.jpg 232w\" sizes=\"(max-width: 562px) 100vw, 562px\" \/>\t\t\t\t\t\t\t\t\t\t\t<\/div>\n\t\t\t\t<\/div>\n\t\t\t\t<\/div>\n\t\t\t\t\t\t<\/div>\n\t\t\t\t\t<\/div>\n\t\t<\/div>\n\t\t\t\t<div class=\"elementor-column elementor-col-25 elementor-top-column elementor-element elementor-element-dfc7c21\" data-id=\"dfc7c21\" data-element_type=\"column\">\n\t\t\t<div class=\"elementor-column-wrap elementor-element-populated\">\n\t\t\t\t\t\t\t<div class=\"elementor-widget-wrap\">\n\t\t\t\t\t\t<div class=\"elementor-element elementor-element-512a838 elementor-widget elementor-widget-text-editor\" data-id=\"512a838\" data-element_type=\"widget\" data-widget_type=\"text-editor.default\">\n\t\t\t\t<div class=\"elementor-widget-container\">\n\t\t\t\t\t<div class=\"elementor-text-editor elementor-clearfix\"><p><strong>DIRE\u00c7\u00c3O<br \/><\/strong>Marco Concei\u00e7\u00e3o<\/p><p><strong>COORDENA\u00c7\u00c3O ART\u00cdSTICA\u00a0<br \/><\/strong><span style=\"font-style: inherit; font-weight: inherit;\">Cl\u00e1udia Marisa\u00a0<br \/><\/span><\/p><p><strong><span style=\"font-style: inherit; font-weight: inherit;\">PRODU\u00c7\u00c3O<\/span><\/strong><br \/><span style=\"font-style: inherit; font-weight: inherit;\">Rui Ara\u00fajo<br \/><\/span><\/p><p><strong><span style=\"font-style: inherit; font-weight: inherit;\">PRODU\u00c7\u00c3O EXECUTIVA<\/span><\/strong>\u00a0<br \/><span style=\"font-style: inherit; font-weight: inherit;\">N\u00edsia Ara\u00fajo\u00a0<\/span><\/p><p><strong><span style=\"font-style: inherit; font-weight: inherit;\">COORDENA\u00c7\u00c3O T\u00c9CNICA<br \/><\/span><\/strong><span style=\"font-style: inherit; font-weight: inherit;\">Rui Damas<\/span><\/p><p><span style=\"font-style: inherit; font-weight: inherit;\"><strong>ASSESSOR DA COORDENA\u00c7\u00c3O T\u00c9CNICA<\/strong><br \/>Diogo Teixeira<\/span><\/p><p><strong><span style=\"font-style: inherit; font-weight: inherit;\">DIRE\u00c7\u00c3O DE CENA<br \/><\/span><\/strong>S\u00f3nia Barbosa<\/p><p><strong><span style=\"font-style: inherit; font-weight: inherit;\">T\u00c9CNICO DE LUZ<br \/><\/span><\/strong><span style=\"font-style: inherit; font-weight: inherit;\">Bernardo Correia<\/span><\/p><p><strong><span style=\"font-style: inherit; font-weight: inherit;\">T\u00c9CNICO DE SOM<br \/><\/span><\/strong><span style=\"font-style: inherit; font-weight: inherit;\">Jorge Vasconcelos<\/span><\/p><\/div>\n\t\t\t\t<\/div>\n\t\t\t\t<\/div>\n\t\t\t\t\t\t<\/div>\n\t\t\t\t\t<\/div>\n\t\t<\/div>\n\t\t\t\t<div class=\"elementor-column elementor-col-25 elementor-top-column elementor-element elementor-element-841ec94\" data-id=\"841ec94\" data-element_type=\"column\">\n\t\t\t<div class=\"elementor-column-wrap elementor-element-populated\">\n\t\t\t\t\t\t\t<div class=\"elementor-widget-wrap\">\n\t\t\t\t\t\t<div class=\"elementor-element elementor-element-f29c38c elementor-widget elementor-widget-text-editor\" data-id=\"f29c38c\" data-element_type=\"widget\" data-widget_type=\"text-editor.default\">\n\t\t\t\t<div class=\"elementor-widget-container\">\n\t\t\t\t\t<div class=\"elementor-text-editor elementor-clearfix\"><p><strong><span style=\"font-style: inherit; font-weight: inherit;\">GABINETE DE COMUNICA\u00c7\u00c3O<br \/><\/span><\/strong><span style=\"font-style: inherit; font-weight: inherit;\">Joana Gon\u00e7alves<br \/>Jorge Teixeira\u00a0<\/span><\/p><p><strong><span style=\"font-style: inherit; font-weight: inherit;\">OPERA\u00c7\u00c3O DE BILHETEIRA<br \/><\/span><\/strong>Rui Ara\u00fajo<\/p><p><strong><span style=\"font-style: inherit; font-weight: inherit;\">ASSISTENTES DE SALA<br \/><\/span><\/strong>Lu\u00eds Silva<br \/>Diogo Bento<br \/>Joana Teixeira<br \/>Francisca Bonacho<br \/>Marco Pereira<br \/>Sabela Albari\u00f1o<\/p><p><strong><span style=\"font-style: inherit; font-weight: inherit;\">APOIO<br \/><\/span><\/strong><span style=\"font-style: inherit; font-weight: inherit;\">Bernardo Fernando<br \/><\/span><\/p><\/div>\n\t\t\t\t<\/div>\n\t\t\t\t<\/div>\n\t\t\t\t\t\t<\/div>\n\t\t\t\t\t<\/div>\n\t\t<\/div>\n\t\t\t\t<div class=\"elementor-column elementor-col-25 elementor-top-column elementor-element elementor-element-21e1454\" data-id=\"21e1454\" data-element_type=\"column\">\n\t\t\t<div class=\"elementor-column-wrap elementor-element-populated\">\n\t\t\t\t\t\t\t<div class=\"elementor-widget-wrap\">\n\t\t\t\t\t\t<div class=\"elementor-element elementor-element-0a7109f elementor-widget elementor-widget-spacer\" data-id=\"0a7109f\" data-element_type=\"widget\" data-widget_type=\"spacer.default\">\n\t\t\t\t<div class=\"elementor-widget-container\">\n\t\t\t\t\t<div class=\"elementor-spacer\">\n\t\t\t<div class=\"elementor-spacer-inner\"><\/div>\n\t\t<\/div>\n\t\t\t\t<\/div>\n\t\t\t\t<\/div>\n\t\t\t\t\t\t<\/div>\n\t\t\t\t\t<\/div>\n\t\t<\/div>\n\t\t\t\t\t\t\t\t<\/div>\n\t\t\t\t\t<\/div>\n\t\t<\/section>\n\t\t\t\t\t\t<\/div>\n\t\t\t\t\t\t<\/div>\n\t\t\t\t\t<\/div>\n\t\t","protected":false},"excerpt":{"rendered":"<p>DIRE\u00c7\u00c3OMarco Concei\u00e7\u00e3o COORDENA\u00c7\u00c3O ART\u00cdSTICA\u00a0Cl\u00e1udia Marisa\u00a0 PRODU\u00c7\u00c3ORui Ara\u00fajo PRODU\u00c7\u00c3O EXECUTIVA\u00a0N\u00edsia Ara\u00fajo\u00a0 COORDENA\u00c7\u00c3O T\u00c9CNICARui Damas ASSESSOR DA COORDENA\u00c7\u00c3O T\u00c9CNICADiogo Teixeira DIRE\u00c7\u00c3O DE [&hellip;]<\/p>\n","protected":false},"author":1,"featured_media":0,"parent":0,"menu_order":0,"comment_status":"closed","ping_status":"closed","template":"","meta":[],"_links":{"self":[{"href":"http:\/\/thsc.pt\/index.php?rest_route=\/wp\/v2\/pages\/171"}],"collection":[{"href":"http:\/\/thsc.pt\/index.php?rest_route=\/wp\/v2\/pages"}],"about":[{"href":"http:\/\/thsc.pt\/index.php?rest_route=\/wp\/v2\/types\/page"}],"author":[{"embeddable":true,"href":"http:\/\/thsc.pt\/index.php?rest_route=\/wp\/v2\/users\/1"}],"replies":[{"embeddable":true,"href":"http:\/\/thsc.pt\/index.php?rest_route=%2Fwp%2Fv2%2Fcomments&post=171"}],"version-history":[{"count":76,"href":"http:\/\/thsc.pt\/index.php?rest_route=\/wp\/v2\/pages\/171\/revisions"}],"predecessor-version":[{"id":6251,"href":"http:\/\/thsc.pt\/index.php?rest_route=\/wp\/v2\/pages\/171\/revisions\/6251"}],"wp:attachment":[{"href":"http:\/\/thsc.pt\/index.php?rest_route=%2Fwp%2Fv2%2Fmedia&parent=171"}],"curies":[{"name":"wp","href":"https:\/\/api.w.org\/{rel}","templated":true}]}}