{"id":1593,"date":"2020-09-25T10:54:02","date_gmt":"2020-09-25T10:54:02","guid":{"rendered":"http:\/\/thsc.pt\/?page_id=1593"},"modified":"2021-05-06T21:36:53","modified_gmt":"2021-05-06T21:36:53","slug":"orquestra-classica-do-politecnico-do-porto","status":"publish","type":"page","link":"http:\/\/thsc.pt\/?page_id=1593","title":{"rendered":"ORQUESTRA CL\u00c1SSICA DO POLIT\u00c9CNICO DO PORTO"},"content":{"rendered":"\t\t<div data-elementor-type=\"wp-page\" data-elementor-id=\"1593\" class=\"elementor elementor-1593\" data-elementor-settings=\"[]\">\n\t\t\t\t\t\t<div class=\"elementor-inner\">\n\t\t\t\t\t\t\t<div class=\"elementor-section-wrap\">\n\t\t\t\t\t\t\t<section class=\"elementor-section elementor-top-section elementor-element elementor-element-d6e26b6 elementor-section-height-min-height elementor-section-boxed elementor-section-height-default elementor-section-items-middle\" data-id=\"d6e26b6\" data-element_type=\"section\" data-settings=\"{&quot;background_background&quot;:&quot;classic&quot;}\">\n\t\t\t\t\t\t\t<div class=\"elementor-background-overlay\"><\/div>\n\t\t\t\t\t\t\t<div class=\"elementor-container elementor-column-gap-default\">\n\t\t\t\t\t\t\t<div class=\"elementor-row\">\n\t\t\t\t\t<div class=\"elementor-column elementor-col-100 elementor-top-column elementor-element elementor-element-8a8f470\" data-id=\"8a8f470\" data-element_type=\"column\">\n\t\t\t<div class=\"elementor-column-wrap elementor-element-populated\">\n\t\t\t\t\t\t\t<div class=\"elementor-widget-wrap\">\n\t\t\t\t\t\t<div class=\"elementor-element elementor-element-6338b87 elementor-widget elementor-widget-spacer\" data-id=\"6338b87\" data-element_type=\"widget\" data-widget_type=\"spacer.default\">\n\t\t\t\t<div class=\"elementor-widget-container\">\n\t\t\t\t\t<div class=\"elementor-spacer\">\n\t\t\t<div class=\"elementor-spacer-inner\"><\/div>\n\t\t<\/div>\n\t\t\t\t<\/div>\n\t\t\t\t<\/div>\n\t\t\t\t<div class=\"elementor-element elementor-element-36e0c08 elementor-widget elementor-widget-heading\" data-id=\"36e0c08\" data-element_type=\"widget\" data-widget_type=\"heading.default\">\n\t\t\t\t<div class=\"elementor-widget-container\">\n\t\t\t<h1 class=\"elementor-heading-title elementor-size-large\">ORQUESTRA CL\u00c1SSICA DO POLIT\u00c9CNICO DO PORTO<\/h1>\t\t<\/div>\n\t\t\t\t<\/div>\n\t\t\t\t<div class=\"elementor-element elementor-element-667eab72 elementor-widget elementor-widget-text-editor\" data-id=\"667eab72\" data-element_type=\"widget\" data-widget_type=\"text-editor.default\">\n\t\t\t\t<div class=\"elementor-widget-container\">\n\t\t\t\t\t<div class=\"elementor-text-editor elementor-clearfix\"><h2><span style=\"color: #ffffff;\"><strong>&#8211; 15 de novembro &#8211;\u00a0<\/strong><\/span><\/h2><p><strong><span style=\"color: #ffffff;\">Sexta-feira, 15 de novembro &#8211; 21h30<\/span><\/strong><\/p><\/div>\n\t\t\t\t<\/div>\n\t\t\t\t<\/div>\n\t\t\t\t<section class=\"elementor-section elementor-inner-section elementor-element elementor-element-77ec3022 elementor-section-content-middle elementor-section-boxed elementor-section-height-default elementor-section-height-default\" data-id=\"77ec3022\" data-element_type=\"section\">\n\t\t\t\t\t\t<div class=\"elementor-container elementor-column-gap-extended\">\n\t\t\t\t\t\t\t<div class=\"elementor-row\">\n\t\t\t\t\t<div class=\"elementor-column elementor-col-100 elementor-inner-column elementor-element elementor-element-49218b47\" data-id=\"49218b47\" data-element_type=\"column\">\n\t\t\t<div class=\"elementor-column-wrap elementor-element-populated\">\n\t\t\t\t\t\t\t<div class=\"elementor-widget-wrap\">\n\t\t\t\t\t\t<div class=\"elementor-element elementor-element-a26c06 elementor-widget elementor-widget-text-editor\" data-id=\"a26c06\" data-element_type=\"widget\" data-widget_type=\"text-editor.default\">\n\t\t\t\t<div class=\"elementor-widget-container\">\n\t\t\t\t\t<div class=\"elementor-text-editor elementor-clearfix\"><h5><span style=\"color: #ffffff;\"><b><span style=\"font-family: var( --e-global-typography-text-font-family );\">M\/6<\/span><\/b><\/span><\/h5><\/div>\n\t\t\t\t<\/div>\n\t\t\t\t<\/div>\n\t\t\t\t\t\t<\/div>\n\t\t\t\t\t<\/div>\n\t\t<\/div>\n\t\t\t\t\t\t\t\t<\/div>\n\t\t\t\t\t<\/div>\n\t\t<\/section>\n\t\t\t\t\t\t<\/div>\n\t\t\t\t\t<\/div>\n\t\t<\/div>\n\t\t\t\t\t\t\t\t<\/div>\n\t\t\t\t\t<\/div>\n\t\t<\/section>\n\t\t\t\t<section class=\"elementor-section elementor-top-section elementor-element elementor-element-6c886092 elementor-section-boxed elementor-section-height-default elementor-section-height-default\" data-id=\"6c886092\" data-element_type=\"section\" data-settings=\"{&quot;background_background&quot;:&quot;classic&quot;}\">\n\t\t\t\t\t\t<div class=\"elementor-container elementor-column-gap-default\">\n\t\t\t\t\t\t\t<div class=\"elementor-row\">\n\t\t\t\t\t<div class=\"elementor-column elementor-col-50 elementor-top-column elementor-element elementor-element-3c65449\" data-id=\"3c65449\" data-element_type=\"column\">\n\t\t\t<div class=\"elementor-column-wrap elementor-element-populated\">\n\t\t\t\t\t\t\t<div class=\"elementor-widget-wrap\">\n\t\t\t\t\t\t<div class=\"elementor-element elementor-element-7590ec1c elementor-widget elementor-widget-spacer\" data-id=\"7590ec1c\" data-element_type=\"widget\" data-widget_type=\"spacer.default\">\n\t\t\t\t<div class=\"elementor-widget-container\">\n\t\t\t\t\t<div class=\"elementor-spacer\">\n\t\t\t<div class=\"elementor-spacer-inner\"><\/div>\n\t\t<\/div>\n\t\t\t\t<\/div>\n\t\t\t\t<\/div>\n\t\t\t\t<div class=\"elementor-element elementor-element-3e7e1613 elementor-widget elementor-widget-text-editor\" data-id=\"3e7e1613\" data-element_type=\"widget\" data-widget_type=\"text-editor.default\">\n\t\t\t\t<div class=\"elementor-widget-container\">\n\t\t\t\t\t<div class=\"elementor-text-editor elementor-clearfix\"><p>Orquestra Cl\u00e1ssica do P.PORTO evoca Leonardo da Vinci<\/p><div class=\"text_exposed_show\"><p>A OCPP apresenta, nos dias 15 e 16 de novembro 2019, o concerto In Memoriam de Leonardo da Vinci<\/p><p>Depois da estreia oficial em julho, na Casa da M\u00fasica, a Orquestra Cl\u00e1ssica do Polit\u00e9cnico do Porto (OCPP) regressa agora com mais um projeto art\u00edstico, evocativo dos 500 anos da morte do g\u00e9nio florentino.<\/p><p>In Memoriam de Leonardo da Vinci \u00e9 apresentado a 15 de novembro, no Teatro Helena S\u00e1 e Costa, e a 16 de novembro, na Igreja dos Cl\u00e9rigos. Dirigida pelo maestro convidado Lu\u00eds Carvalho, a OCCP interpreta obras de dois compositores portugueses, Divertimento n.\u00ba1, op.36 de Joly Braga dos Santos e Duas Melodias para Orquestra de Cordas de Lu\u00eds de Freitas Branco, e a Sinfonia n.\u00ba39 em Mib Maior, de Wolfgang Amadeus Mozart.<\/p><p>Um dos mais vers\u00e1teis m\u00fasicos portugueses da sua gera\u00e7\u00e3o, Lu\u00eds Carvalho desenvolve a sua atividade art\u00edstica como maestro, compositor e clarinetista. Alumni da Escola Superior de Musica e Artes do Espet\u00e1culo (ESMAE) do Polit\u00e9cnico do Porto, Lu\u00eds Carvalho j\u00e1 dirigiu as mais importantes orquestras nacionais como a Sinf\u00f3nica Portuguesa (Lisboa), Nacional do Porto, Metropolitana de Lisboa, Orquestra do Algarve, Filarmonia das Beiras (Aveiro), Cl\u00e1ssica da Madeira, Orquestra de C\u00e2mara Portuguesa (Lisboa), entre muitas outras. Igualmente reconhecido como compositor, as suas obras t\u00eam sido apresentadas um pouco por toda a Europa e Am\u00e9rica do Sul, por int\u00e9rpretes e agrupamentos de reconhecido m\u00e9rito.<\/p><p>\u00a0<\/p><\/div><\/div>\n\t\t\t\t<\/div>\n\t\t\t\t<\/div>\n\t\t\t\t\t\t<\/div>\n\t\t\t\t\t<\/div>\n\t\t<\/div>\n\t\t\t\t<div class=\"elementor-column elementor-col-50 elementor-top-column elementor-element elementor-element-3a50137\" data-id=\"3a50137\" data-element_type=\"column\" data-settings=\"{&quot;background_background&quot;:&quot;classic&quot;}\">\n\t\t\t<div class=\"elementor-column-wrap elementor-element-populated\">\n\t\t\t\t\t<div class=\"elementor-background-overlay\"><\/div>\n\t\t\t\t\t\t\t<div class=\"elementor-widget-wrap\">\n\t\t\t\t\t\t<div class=\"elementor-element elementor-element-4676beb5 elementor-widget elementor-widget-spacer\" data-id=\"4676beb5\" data-element_type=\"widget\" data-widget_type=\"spacer.default\">\n\t\t\t\t<div class=\"elementor-widget-container\">\n\t\t\t\t\t<div class=\"elementor-spacer\">\n\t\t\t<div class=\"elementor-spacer-inner\"><\/div>\n\t\t<\/div>\n\t\t\t\t<\/div>\n\t\t\t\t<\/div>\n\t\t\t\t<div class=\"elementor-element elementor-element-4fdf794c elementor-widget elementor-widget-image\" data-id=\"4fdf794c\" data-element_type=\"widget\" data-widget_type=\"image.default\">\n\t\t\t\t<div class=\"elementor-widget-container\">\n\t\t\t\t\t<div class=\"elementor-image\">\n\t\t\t\t\t\t\t\t\t\t<img width=\"1921\" height=\"1081\" src=\"http:\/\/thsc.pt\/wp-content\/uploads\/2020\/09\/75580450_2479775515590199_2952213884791947264_o.jpg\" class=\"attachment-full size-full\" alt=\"\" decoding=\"async\" loading=\"lazy\" srcset=\"http:\/\/thsc.pt\/wp-content\/uploads\/2020\/09\/75580450_2479775515590199_2952213884791947264_o.jpg 1921w, http:\/\/thsc.pt\/wp-content\/uploads\/2020\/09\/75580450_2479775515590199_2952213884791947264_o-300x169.jpg 300w, http:\/\/thsc.pt\/wp-content\/uploads\/2020\/09\/75580450_2479775515590199_2952213884791947264_o-1024x576.jpg 1024w, http:\/\/thsc.pt\/wp-content\/uploads\/2020\/09\/75580450_2479775515590199_2952213884791947264_o-768x432.jpg 768w, http:\/\/thsc.pt\/wp-content\/uploads\/2020\/09\/75580450_2479775515590199_2952213884791947264_o-1536x864.jpg 1536w\" sizes=\"(max-width: 1921px) 100vw, 1921px\" \/>\t\t\t\t\t\t\t\t\t\t\t<\/div>\n\t\t\t\t<\/div>\n\t\t\t\t<\/div>\n\t\t\t\t\t\t<\/div>\n\t\t\t\t\t<\/div>\n\t\t<\/div>\n\t\t\t\t\t\t\t\t<\/div>\n\t\t\t\t\t<\/div>\n\t\t<\/section>\n\t\t\t\t<section class=\"elementor-section elementor-top-section elementor-element elementor-element-41166a2b elementor-section-boxed elementor-section-height-default elementor-section-height-default\" data-id=\"41166a2b\" data-element_type=\"section\" data-settings=\"{&quot;background_background&quot;:&quot;classic&quot;}\">\n\t\t\t\t\t\t<div class=\"elementor-container elementor-column-gap-default\">\n\t\t\t\t\t\t\t<div class=\"elementor-row\">\n\t\t\t\t\t\t\t\t\t<\/div>\n\t\t\t\t\t<\/div>\n\t\t<\/section>\n\t\t\t\t<section class=\"elementor-section elementor-top-section elementor-element elementor-element-4ea8de0a elementor-section-full_width elementor-section-height-min-height elementor-section-height-default elementor-section-items-middle\" data-id=\"4ea8de0a\" data-element_type=\"section\" data-settings=\"{&quot;background_background&quot;:&quot;classic&quot;}\">\n\t\t\t\t\t\t<div class=\"elementor-container elementor-column-gap-no\">\n\t\t\t\t\t\t\t<div class=\"elementor-row\">\n\t\t\t\t\t<div class=\"elementor-column elementor-col-50 elementor-top-column elementor-element elementor-element-4246658e\" data-id=\"4246658e\" data-element_type=\"column\">\n\t\t\t<div class=\"elementor-column-wrap elementor-element-populated\">\n\t\t\t\t\t\t\t<div class=\"elementor-widget-wrap\">\n\t\t\t\t\t\t<div class=\"elementor-element elementor-element-81b2f9 elementor-widget elementor-widget-text-editor\" data-id=\"81b2f9\" data-element_type=\"widget\" data-widget_type=\"text-editor.default\">\n\t\t\t\t<div class=\"elementor-widget-container\">\n\t\t\t\t\t<div class=\"elementor-text-editor elementor-clearfix\"><blockquote><p class=\"p1\"><span style=\"color: #000000;\"><strong>Maestro Lu\u00eds Carvalho<\/strong><\/span><\/p><\/blockquote><p class=\"p1\" style=\"padding-left: 40px;\"><span style=\"color: #000000;\">A OCPP \u00e9 uma estrutura musical performativa, de cariz semiprofissional, criada e apoiada pela presid\u00eancia do Polit\u00e9cnico do Porto. Para al\u00e9m da atividade orquestral que realiza ao longo do ano, a OCPP promove e apoia a realiza\u00e7\u00e3o de diferentes projetos de m\u00fasica de c\u00e2mara, de n\u00famero e geometria instrumental vari\u00e1vel, com os seus instrumentistas. Dirigida por diferentes maestros convidados, com a miss\u00e3o de organizar, orientar e dirigir os ensaios, a OCPP \u00e9 constitu\u00edda, na sua forma\u00e7\u00e3o de base, por 39 m\u00fasicos.<\/span><\/p><\/div>\n\t\t\t\t<\/div>\n\t\t\t\t<\/div>\n\t\t\t\t\t\t<\/div>\n\t\t\t\t\t<\/div>\n\t\t<\/div>\n\t\t\t\t<div class=\"elementor-column elementor-col-50 elementor-top-column elementor-element elementor-element-4d95b080\" data-id=\"4d95b080\" data-element_type=\"column\">\n\t\t\t<div class=\"elementor-column-wrap\">\n\t\t\t\t\t\t\t<div class=\"elementor-widget-wrap\">\n\t\t\t\t\t\t\t\t<\/div>\n\t\t\t\t\t<\/div>\n\t\t<\/div>\n\t\t\t\t\t\t\t\t<\/div>\n\t\t\t\t\t<\/div>\n\t\t<\/section>\n\t\t\t\t\t\t<\/div>\n\t\t\t\t\t\t<\/div>\n\t\t\t\t\t<\/div>\n\t\t","protected":false},"excerpt":{"rendered":"<p>ORQUESTRA CL\u00c1SSICA DO POLIT\u00c9CNICO DO PORTO &#8211; 15 de novembro &#8211;\u00a0 Sexta-feira, 15 de novembro &#8211; 21h30 M\/6 Orquestra Cl\u00e1ssica [&hellip;]<\/p>\n","protected":false},"author":1,"featured_media":0,"parent":0,"menu_order":0,"comment_status":"closed","ping_status":"closed","template":"","meta":[],"_links":{"self":[{"href":"http:\/\/thsc.pt\/index.php?rest_route=\/wp\/v2\/pages\/1593"}],"collection":[{"href":"http:\/\/thsc.pt\/index.php?rest_route=\/wp\/v2\/pages"}],"about":[{"href":"http:\/\/thsc.pt\/index.php?rest_route=\/wp\/v2\/types\/page"}],"author":[{"embeddable":true,"href":"http:\/\/thsc.pt\/index.php?rest_route=\/wp\/v2\/users\/1"}],"replies":[{"embeddable":true,"href":"http:\/\/thsc.pt\/index.php?rest_route=%2Fwp%2Fv2%2Fcomments&post=1593"}],"version-history":[{"count":6,"href":"http:\/\/thsc.pt\/index.php?rest_route=\/wp\/v2\/pages\/1593\/revisions"}],"predecessor-version":[{"id":2384,"href":"http:\/\/thsc.pt\/index.php?rest_route=\/wp\/v2\/pages\/1593\/revisions\/2384"}],"wp:attachment":[{"href":"http:\/\/thsc.pt\/index.php?rest_route=%2Fwp%2Fv2%2Fmedia&parent=1593"}],"curies":[{"name":"wp","href":"https:\/\/api.w.org\/{rel}","templated":true}]}}