{"id":1348,"date":"2020-09-18T13:27:06","date_gmt":"2020-09-18T13:27:06","guid":{"rendered":"http:\/\/thsc.pt\/?page_id=1348"},"modified":"2021-05-06T21:24:35","modified_gmt":"2021-05-06T21:24:35","slug":"semen-est-verbum-dei","status":"publish","type":"page","link":"http:\/\/thsc.pt\/?page_id=1348","title":{"rendered":"Semen est verbum Dei"},"content":{"rendered":"\t\t<div data-elementor-type=\"wp-page\" data-elementor-id=\"1348\" class=\"elementor elementor-1348\" data-elementor-settings=\"[]\">\n\t\t\t\t\t\t<div class=\"elementor-inner\">\n\t\t\t\t\t\t\t<div class=\"elementor-section-wrap\">\n\t\t\t\t\t\t\t<section class=\"elementor-section elementor-top-section elementor-element elementor-element-419287d6 elementor-section-height-min-height elementor-section-boxed elementor-section-height-default elementor-section-items-middle\" data-id=\"419287d6\" data-element_type=\"section\" data-settings=\"{&quot;background_background&quot;:&quot;classic&quot;}\">\n\t\t\t\t\t\t\t<div class=\"elementor-background-overlay\"><\/div>\n\t\t\t\t\t\t\t<div class=\"elementor-container elementor-column-gap-default\">\n\t\t\t\t\t\t\t<div class=\"elementor-row\">\n\t\t\t\t\t<div class=\"elementor-column elementor-col-100 elementor-top-column elementor-element elementor-element-7b77d6f1\" data-id=\"7b77d6f1\" data-element_type=\"column\">\n\t\t\t<div class=\"elementor-column-wrap elementor-element-populated\">\n\t\t\t\t\t\t\t<div class=\"elementor-widget-wrap\">\n\t\t\t\t\t\t<div class=\"elementor-element elementor-element-51dd1407 elementor-widget elementor-widget-spacer\" data-id=\"51dd1407\" data-element_type=\"widget\" data-widget_type=\"spacer.default\">\n\t\t\t\t<div class=\"elementor-widget-container\">\n\t\t\t\t\t<div class=\"elementor-spacer\">\n\t\t\t<div class=\"elementor-spacer-inner\"><\/div>\n\t\t<\/div>\n\t\t\t\t<\/div>\n\t\t\t\t<\/div>\n\t\t\t\t<div class=\"elementor-element elementor-element-755568d9 elementor-widget elementor-widget-heading\" data-id=\"755568d9\" data-element_type=\"widget\" data-widget_type=\"heading.default\">\n\t\t\t\t<div class=\"elementor-widget-container\">\n\t\t\t<h1 class=\"elementor-heading-title elementor-size-large\">Semen est verbum Dei<\/h1>\t\t<\/div>\n\t\t\t\t<\/div>\n\t\t\t\t<div class=\"elementor-element elementor-element-0e6f48e elementor-widget elementor-widget-text-editor\" data-id=\"0e6f48e\" data-element_type=\"widget\" data-widget_type=\"text-editor.default\">\n\t\t\t\t<div class=\"elementor-widget-container\">\n\t\t\t\t\t<div class=\"elementor-text-editor elementor-clearfix\"><h2><span style=\"color: #ffffff;\">A partir do Serm\u00e3o da Sexag\u00e9sima\u00a0do Padre Ant\u00f3nio Vieira<\/span><\/h2><\/div>\n\t\t\t\t<\/div>\n\t\t\t\t<\/div>\n\t\t\t\t<div class=\"elementor-element elementor-element-2a5770c8 elementor-widget elementor-widget-text-editor\" data-id=\"2a5770c8\" data-element_type=\"widget\" data-widget_type=\"text-editor.default\">\n\t\t\t\t<div class=\"elementor-widget-container\">\n\t\t\t\t\t<div class=\"elementor-text-editor elementor-clearfix\"><h2><span style=\"color: #ffffff;\"><strong>&#8211; de 26 a 30 de setembro &#8211;\u00a0<\/strong><\/span><\/h2><p>S\u00e1bado, 26 de setembro &#8211; 21h30<br \/>Domingo, 27 de setembro &#8211; 16h00<br \/>Segunda, ter\u00e7a e quarta-feira , 28, 29 e 30 de setembro &#8211; 21h30<\/p><\/div>\n\t\t\t\t<\/div>\n\t\t\t\t<\/div>\n\t\t\t\t<section class=\"elementor-section elementor-inner-section elementor-element elementor-element-2a1adc4 elementor-section-content-middle elementor-section-boxed elementor-section-height-default elementor-section-height-default\" data-id=\"2a1adc4\" data-element_type=\"section\">\n\t\t\t\t\t\t<div class=\"elementor-container elementor-column-gap-extended\">\n\t\t\t\t\t\t\t<div class=\"elementor-row\">\n\t\t\t\t\t<div class=\"elementor-column elementor-col-100 elementor-inner-column elementor-element elementor-element-6b83f6a0\" data-id=\"6b83f6a0\" data-element_type=\"column\">\n\t\t\t<div class=\"elementor-column-wrap elementor-element-populated\">\n\t\t\t\t\t\t\t<div class=\"elementor-widget-wrap\">\n\t\t\t\t\t\t<div class=\"elementor-element elementor-element-6318fd81 elementor-widget elementor-widget-text-editor\" data-id=\"6318fd81\" data-element_type=\"widget\" data-widget_type=\"text-editor.default\">\n\t\t\t\t<div class=\"elementor-widget-container\">\n\t\t\t\t\t<div class=\"elementor-text-editor elementor-clearfix\"><h5><span style=\"color: #ffffff;\"><b><span style=\"font-family: var( --e-global-typography-text-font-family );\">M\/6<\/span><\/b><\/span><\/h5><\/div>\n\t\t\t\t<\/div>\n\t\t\t\t<\/div>\n\t\t\t\t\t\t<\/div>\n\t\t\t\t\t<\/div>\n\t\t<\/div>\n\t\t\t\t\t\t\t\t<\/div>\n\t\t\t\t\t<\/div>\n\t\t<\/section>\n\t\t\t\t\t\t<\/div>\n\t\t\t\t\t<\/div>\n\t\t<\/div>\n\t\t\t\t\t\t\t\t<\/div>\n\t\t\t\t\t<\/div>\n\t\t<\/section>\n\t\t\t\t<section class=\"elementor-section elementor-top-section elementor-element elementor-element-1741e19b elementor-section-boxed elementor-section-height-default elementor-section-height-default\" data-id=\"1741e19b\" data-element_type=\"section\" data-settings=\"{&quot;background_background&quot;:&quot;classic&quot;}\">\n\t\t\t\t\t\t<div class=\"elementor-container elementor-column-gap-default\">\n\t\t\t\t\t\t\t<div class=\"elementor-row\">\n\t\t\t\t\t<div class=\"elementor-column elementor-col-50 elementor-top-column elementor-element elementor-element-4b31a18f\" data-id=\"4b31a18f\" data-element_type=\"column\">\n\t\t\t<div class=\"elementor-column-wrap elementor-element-populated\">\n\t\t\t\t\t\t\t<div class=\"elementor-widget-wrap\">\n\t\t\t\t\t\t<div class=\"elementor-element elementor-element-4b79970e elementor-widget elementor-widget-spacer\" data-id=\"4b79970e\" data-element_type=\"widget\" data-widget_type=\"spacer.default\">\n\t\t\t\t<div class=\"elementor-widget-container\">\n\t\t\t\t\t<div class=\"elementor-spacer\">\n\t\t\t<div class=\"elementor-spacer-inner\"><\/div>\n\t\t<\/div>\n\t\t\t\t<\/div>\n\t\t\t\t<\/div>\n\t\t\t\t<div class=\"elementor-element elementor-element-2c4b8730 elementor-widget elementor-widget-text-editor\" data-id=\"2c4b8730\" data-element_type=\"widget\" data-widget_type=\"text-editor.default\">\n\t\t\t\t<div class=\"elementor-widget-container\">\n\t\t\t\t\t<div class=\"elementor-text-editor elementor-clearfix\"><p>Semen est Verbum Dei \u00e9 o trabalho que reabre as portas do Teatro Helena S\u00e1 e Costa em setembro.\u00a0A produ\u00e7\u00e3o, que \u00e9 anualmente realizada pela turma do 3\u00ba ano da Licenciatura em Teatro da Escola Superior de M\u00fasica e Artes do Espet\u00e1culo, deveria ter acontecido no palco do Teatro Campo Alegre numa parceria com o Teatro Municipal do Porto e era para ser a Repeti\u00e7\u00e3o do Fim do Mundo\/\u00d3pera Real, mas foi inevitavelmente adiada devido \u00e0 pandemia. O espect\u00e1culo que agora se apresenta, tamb\u00e9m encenado por Ant\u00f3nio Dur\u00e3es, parte do Serm\u00e3o da Sexag\u00e9sima, de Padre Ant\u00f3nio Vieira, teve de ser adaptado para a\u00a0realidade atual e prop\u00f5e um exerc\u00edcio da multiplica\u00e7\u00e3o dos corpos e das vozes.\u00a0\u00c9 o palco da palavra que v\u00e3o habitar actores e espectadores.\u00a0No serm\u00e3o da sexag\u00e9sima, pregado na capela SINOPSE\u00a0real em 1655, Ant\u00f3nio Vieira, padre por\u00a0devo\u00e7\u00e3o e imperador da l\u00edngua portuguesa\u00a0(nas palavras de Fernando Pessoa) por\u00a0convic\u00e7\u00e3o, perora sobre a sua condi\u00e7\u00e3o de\u00a0pregador, semeador da palavra de Deus,\u00a0e reflecte sobre o acto e a efic\u00e1cia da prega\u00e7\u00e3o.\u00a0N\u00f3s, atrav\u00e9s dele e atrav\u00e9s do seu serm\u00e3o,\u00a0reflectimos sobre a nossa condi\u00e7\u00e3o de agentes\u00a0teatrais, reverberamos as suas palavras e\u00a0pensamos no gesto teatral em abstracto.\u00a0Seremos aqueles a quem Vieira ap\u00f5e o ep\u00edteto\u00a0de oper\u00e1rios da farsa ou, por oposi\u00e7\u00e3o, somos\u00a0os honestos trabalhadores da com\u00e9dia?<\/p><p>\u00a0<\/p><\/div>\n\t\t\t\t<\/div>\n\t\t\t\t<\/div>\n\t\t\t\t\t\t<\/div>\n\t\t\t\t\t<\/div>\n\t\t<\/div>\n\t\t\t\t<div class=\"elementor-column elementor-col-50 elementor-top-column elementor-element elementor-element-2103e62b\" data-id=\"2103e62b\" data-element_type=\"column\" data-settings=\"{&quot;background_background&quot;:&quot;classic&quot;}\">\n\t\t\t<div class=\"elementor-column-wrap elementor-element-populated\">\n\t\t\t\t\t<div class=\"elementor-background-overlay\"><\/div>\n\t\t\t\t\t\t\t<div class=\"elementor-widget-wrap\">\n\t\t\t\t\t\t<div class=\"elementor-element elementor-element-b5bd121 elementor-widget elementor-widget-spacer\" data-id=\"b5bd121\" data-element_type=\"widget\" data-widget_type=\"spacer.default\">\n\t\t\t\t<div class=\"elementor-widget-container\">\n\t\t\t\t\t<div class=\"elementor-spacer\">\n\t\t\t<div class=\"elementor-spacer-inner\"><\/div>\n\t\t<\/div>\n\t\t\t\t<\/div>\n\t\t\t\t<\/div>\n\t\t\t\t<div class=\"elementor-element elementor-element-43687571 elementor-widget elementor-widget-image\" data-id=\"43687571\" data-element_type=\"widget\" data-widget_type=\"image.default\">\n\t\t\t\t<div class=\"elementor-widget-container\">\n\t\t\t\t\t<div class=\"elementor-image\">\n\t\t\t\t\t\t\t\t\t\t<img decoding=\"async\" src=\"http:\/\/thsc.pt\/wp-content\/uploads\/elementor\/thumbs\/Cartaz-Semen-est-verbum-Dei-5-1-scaled-ovnetyiawjh8w8zhkf850uow63yyp0fioe3xntgqkw.jpg\" title=\"Cartaz_Semen\" alt=\"Cartaz_Semen\" \/>\t\t\t\t\t\t\t\t\t\t\t<\/div>\n\t\t\t\t<\/div>\n\t\t\t\t<\/div>\n\t\t\t\t\t\t<\/div>\n\t\t\t\t\t<\/div>\n\t\t<\/div>\n\t\t\t\t\t\t\t\t<\/div>\n\t\t\t\t\t<\/div>\n\t\t<\/section>\n\t\t\t\t<section class=\"elementor-section elementor-top-section elementor-element elementor-element-763b354c elementor-section-boxed elementor-section-height-default elementor-section-height-default\" data-id=\"763b354c\" data-element_type=\"section\" data-settings=\"{&quot;background_background&quot;:&quot;classic&quot;}\">\n\t\t\t\t\t\t<div class=\"elementor-container elementor-column-gap-default\">\n\t\t\t\t\t\t\t<div class=\"elementor-row\">\n\t\t\t\t\t\t\t\t\t<\/div>\n\t\t\t\t\t<\/div>\n\t\t<\/section>\n\t\t\t\t<section class=\"elementor-section elementor-top-section elementor-element elementor-element-6d2baab4 elementor-section-full_width elementor-section-height-min-height elementor-section-height-default elementor-section-items-middle\" data-id=\"6d2baab4\" data-element_type=\"section\" data-settings=\"{&quot;background_background&quot;:&quot;classic&quot;}\">\n\t\t\t\t\t\t<div class=\"elementor-container elementor-column-gap-no\">\n\t\t\t\t\t\t\t<div class=\"elementor-row\">\n\t\t\t\t\t<div class=\"elementor-column elementor-col-50 elementor-top-column elementor-element elementor-element-3a9cf746\" data-id=\"3a9cf746\" data-element_type=\"column\">\n\t\t\t<div class=\"elementor-column-wrap elementor-element-populated\">\n\t\t\t\t\t\t\t<div class=\"elementor-widget-wrap\">\n\t\t\t\t\t\t<div class=\"elementor-element elementor-element-72d0d958 elementor-widget elementor-widget-text-editor\" data-id=\"72d0d958\" data-element_type=\"widget\" data-widget_type=\"text-editor.default\">\n\t\t\t\t<div class=\"elementor-widget-container\">\n\t\t\t\t\t<div class=\"elementor-text-editor elementor-clearfix\"><blockquote><p class=\"p1\"><span style=\"color: #000000;\"><strong>Equipa T\u00e9cnica e Art\u00edstica<\/strong><\/span><\/p><\/blockquote><p><span style=\"color: #000000;\"><strong>Encena\u00e7\u00e3o<\/strong><br \/>Ant\u00f3nio Dur\u00e3es<\/span><\/p><p><span style=\"color: #000000;\"><strong>Assist\u00eancia de Encena\u00e7\u00e3o<\/strong>\u00a0<br \/>Catarina Santos<\/span><\/p><p><span style=\"color: #000000;\"><strong>Apoio a Movimento<\/strong>\u00a0<br \/>Catarina Lacerda<\/span><\/p><p><span style=\"color: #000000;\"><strong>Apoio ao Texto<\/strong>\u00a0<br \/>Jos\u00e9 Topa<\/span><\/p><p><span style=\"color: #000000;\"><strong>Apoio Voz\u00a0<\/strong><br \/>Carlos Meireles<\/span><\/p><p><span style=\"color: #000000;\"><strong>Interpreta\u00e7\u00e3o<\/strong><br \/>Aliosman Ahmed<br \/>Alexandra Moreira <br \/>Alexandra Neto <br \/>Bruna Santos <br \/>Clara Spormann <br \/>Tiago Ribeiro<\/span><\/p><p>\u00a0<\/p><\/div>\n\t\t\t\t<\/div>\n\t\t\t\t<\/div>\n\t\t\t\t\t\t<\/div>\n\t\t\t\t\t<\/div>\n\t\t<\/div>\n\t\t\t\t<div class=\"elementor-column elementor-col-50 elementor-top-column elementor-element elementor-element-468a96c3\" data-id=\"468a96c3\" data-element_type=\"column\">\n\t\t\t<div class=\"elementor-column-wrap elementor-element-populated\">\n\t\t\t\t\t\t\t<div class=\"elementor-widget-wrap\">\n\t\t\t\t\t\t<div class=\"elementor-element elementor-element-50dda524 elementor-widget elementor-widget-text-editor\" data-id=\"50dda524\" data-element_type=\"widget\" data-widget_type=\"text-editor.default\">\n\t\t\t\t<div class=\"elementor-widget-container\">\n\t\t\t\t\t<div class=\"elementor-text-editor elementor-clearfix\"><p><span style=\"color: #000000;\"><strong>Figurinos\u00a0<br \/><\/strong>Ana Catarina Silva<\/span><\/p><p><span style=\"color: #000000;\"><strong>Apoio Figurinos<\/strong><\/span><span style=\"color: #000000;\"><br \/>Filipa Catarina<\/span><\/p><p><span style=\"color: #000000;\"><strong>Luz<\/strong><br \/>Jos\u00e9 Alves<\/span><\/p><p><span style=\"color: #000000;\"><strong>Som\u00a0<\/strong><br \/>Jo\u00e3o Castro Gomes<\/span><\/p><p><span style=\"color: #000000;\"><strong>Dire\u00e7\u00e3o de Cena e Produ\u00e7\u00e3o\u00a0<\/strong><br \/>Mariana Dorigatti<\/span><\/p><p><span style=\"color: #000000;\"><strong>Apoio Dire\u00e7\u00e3o de Cena e Produ\u00e7\u00e3o\u00a0<\/strong><br \/>Regina Castro<\/span><\/p><p><span style=\"color: #000000;\"><strong>Apoio Cenografia<\/strong><br \/>H\u00e9lder Maia<\/span><\/p><\/div>\n\t\t\t\t<\/div>\n\t\t\t\t<\/div>\n\t\t\t\t\t\t<\/div>\n\t\t\t\t\t<\/div>\n\t\t<\/div>\n\t\t\t\t\t\t\t\t<\/div>\n\t\t\t\t\t<\/div>\n\t\t<\/section>\n\t\t\t\t\t\t<\/div>\n\t\t\t\t\t\t<\/div>\n\t\t\t\t\t<\/div>\n\t\t","protected":false},"excerpt":{"rendered":"<p>Semen est verbum Dei A partir do Serm\u00e3o da Sexag\u00e9sima\u00a0do Padre Ant\u00f3nio Vieira &#8211; de 26 a 30 de setembro [&hellip;]<\/p>\n","protected":false},"author":1,"featured_media":0,"parent":0,"menu_order":0,"comment_status":"closed","ping_status":"closed","template":"","meta":[],"_links":{"self":[{"href":"http:\/\/thsc.pt\/index.php?rest_route=\/wp\/v2\/pages\/1348"}],"collection":[{"href":"http:\/\/thsc.pt\/index.php?rest_route=\/wp\/v2\/pages"}],"about":[{"href":"http:\/\/thsc.pt\/index.php?rest_route=\/wp\/v2\/types\/page"}],"author":[{"embeddable":true,"href":"http:\/\/thsc.pt\/index.php?rest_route=\/wp\/v2\/users\/1"}],"replies":[{"embeddable":true,"href":"http:\/\/thsc.pt\/index.php?rest_route=%2Fwp%2Fv2%2Fcomments&post=1348"}],"version-history":[{"count":14,"href":"http:\/\/thsc.pt\/index.php?rest_route=\/wp\/v2\/pages\/1348\/revisions"}],"predecessor-version":[{"id":2368,"href":"http:\/\/thsc.pt\/index.php?rest_route=\/wp\/v2\/pages\/1348\/revisions\/2368"}],"wp:attachment":[{"href":"http:\/\/thsc.pt\/index.php?rest_route=%2Fwp%2Fv2%2Fmedia&parent=1348"}],"curies":[{"name":"wp","href":"https:\/\/api.w.org\/{rel}","templated":true}]}}